{"id":98,"date":"2021-08-31T08:22:55","date_gmt":"2021-08-31T08:22:55","guid":{"rendered":"https:\/\/sanalsmsonay.com\/blog\/?page_id=98"},"modified":"2021-08-31T08:22:55","modified_gmt":"2021-08-31T08:22:55","slug":"sms-onay","status":"publish","type":"page","link":"https:\/\/sanalsmsonay.com\/blog\/sms-onay\/","title":{"rendered":"Sms Onay"},"content":{"rendered":"<h3>Sms Onay Nas\u0131l Yap\u0131l\u0131r Ve Neden Yap\u0131l\u0131r ?<\/h3>\n<p><strong><a href=\"https:\/\/sanalsmsonay.com\">Sms onay<\/a><\/strong> olarak da bilinen uygulamalarda kullan\u0131c\u0131lar tercihleri do\u011frultusunda do\u011frudan kendi cep telefon numaras\u0131yla da kay\u0131t olabilir. Ancak sahte cep telefon numaras\u0131 \u00fczerinden kay\u0131t yapt\u0131rmak istediklerinde evvela ilgili web sitelerinden sahte yani sahte bir mobil telefon numaras\u0131 minimum bir fiyat tarifesinden sat\u0131n almas\u0131 gerekiyor. Ayr\u0131ca android uygulamam\u0131za girerek <a href=\"https:\/\/play.google.com\/store\/apps\/details?id=com.sanalsms.onay\"><strong>sms onay<\/strong><\/a> yapabilirsiniz.<\/p>\n<p>Kullan\u0131c\u0131lar\u0131n b\u00fcy\u00fck\u00a0bir b\u00f6l\u00fcm\u00fc\u00a0ise kendilerine ait whatsapp mobil onay numaras\u0131ndan onay kodu alma taraftar\u0131 de\u011fildir. Bu durumda\u00a0pek \u00e7ok\u00a0kullan\u0131c\u0131lar\u00a0direk olarak\u00a0ilgili siteler \u00fczerinden mobil sms onay uygulamas\u0131na ba\u015fvurabiliyor. Online olarak\u00a0sat\u0131\u015fa sat\u0131\u015fa \u00e7\u0131kar\u0131lan\u00a0bu uygulama sayesinde kullan\u0131c\u0131lar hem kendi cep telefon numaras\u0131n\u0131 g\u00fcven alt\u0131nda tutabiliyor ve hem de g\u00f6n\u00fcl rahatl\u0131\u011f\u0131\u00a0i\u00e7inde\u00a0ilgili platformlara kay\u0131t olabiliyor. Mobil onay uygulamas\u0131 sat\u0131\u015f\u0131 yapan sitelerden bu hizmeti 7\/24 alabilir ve \u00f6demenizi kredi kart\u0131n\u0131zdan ger\u00e7ekle\u015ftirebilirsiniz.<\/p>\n","protected":false},"excerpt":{"rendered":"<p>Sms Onay Nas\u0131l Yap\u0131l\u0131r Ve Neden Yap\u0131l\u0131r ? Sms onay olarak da bilinen uygulamalarda kullan\u0131c\u0131lar tercihleri do\u011frultusunda do\u011frudan kendi cep telefon numaras\u0131yla da kay\u0131t olabilir. Ancak sahte cep telefon numaras\u0131 \u00fczerinden kay\u0131t yapt\u0131rmak istediklerinde evvela ilgili web sitelerinden sahte yani sahte bir mobil telefon numaras\u0131 minimum bir fiyat tarifesinden sat\u0131n almas\u0131 gerekiyor. Ayr\u0131ca android uygulamam\u0131za &hellip;<\/p>\n","protected":false},"author":1,"featured_media":0,"parent":0,"menu_order":0,"comment_status":"closed","ping_status":"closed","template":"","meta":{"footnotes":""},"class_list":["post-98","page","type-page","status-publish",""],"_links":{"self":[{"href":"https:\/\/sanalsmsonay.com\/blog\/wp-json\/wp\/v2\/pages\/98","targetHints":{"allow":["GET"]}}],"collection":[{"href":"https:\/\/sanalsmsonay.com\/blog\/wp-json\/wp\/v2\/pages"}],"about":[{"href":"https:\/\/sanalsmsonay.com\/blog\/wp-json\/wp\/v2\/types\/page"}],"author":[{"embeddable":true,"href":"https:\/\/sanalsmsonay.com\/blog\/wp-json\/wp\/v2\/users\/1"}],"replies":[{"embeddable":true,"href":"https:\/\/sanalsmsonay.com\/blog\/wp-json\/wp\/v2\/comments?post=98"}],"version-history":[{"count":1,"href":"https:\/\/sanalsmsonay.com\/blog\/wp-json\/wp\/v2\/pages\/98\/revisions"}],"predecessor-version":[{"id":100,"href":"https:\/\/sanalsmsonay.com\/blog\/wp-json\/wp\/v2\/pages\/98\/revisions\/100"}],"wp:attachment":[{"href":"https:\/\/sanalsmsonay.com\/blog\/wp-json\/wp\/v2\/media?parent=98"}],"curies":[{"name":"wp","href":"https:\/\/api.w.org\/{rel}","templated":true}]}}